{"id":8413,"date":"2024-10-08T14:33:56","date_gmt":"2024-10-08T14:33:56","guid":{"rendered":"https:\/\/biocosdz.com\/?post_type=product&#038;p=8413"},"modified":"2025-06-21T09:53:10","modified_gmt":"2025-06-21T09:53:10","slug":"true-focus","status":"publish","type":"product","link":"https:\/\/biocosdz.com\/?product=true-focus","title":{"rendered":"True Focus"},"content":{"rendered":"","protected":false},"excerpt":{"rendered":"<div class=\"product__title\">True Focus<\/div>\n<div class=\"product__ref\">SKU005<\/div>\n<div class=\"product__description\">\u2022 Favorise la concentration, la m\u00e9moire et l&rsquo;apprentissage<br \/>\n\u2022 Combat les maladies d\u00e9g\u00e9n\u00e9ratrice du cerveau.<br \/>\n\u2022 Prot\u00e8ge des maladies cardio-vasculaires et favorise une bonne circulation capillaire et veineuse.<br \/>\n\u2022 Aide dans les probl\u00e8mes de la s\u00e9nilit\u00e9, la peau, les varices, les h\u00e9morro\u00efdes et les jambes lourdes.Dosage : 2 g\u00e9lules par jour \u00e0 prendre avec un demi-verre d&rsquo;eau, au moment du repas.<br \/>\nNotice: Consultez votre m\u00e9decin en cas de prise simultan\u00e9e d&rsquo;anticoagulants. L&#8217;emploi chez les personnes sous traitement antid\u00e9presseur est d\u00e9conseill\u00e9.<\/div>\n","protected":false},"featured_media":8401,"comment_status":"open","ping_status":"closed","template":"","meta":[],"product_cat":[46],"product_tag":[],"class_list":{"0":"post-8413","1":"product","2":"type-product","3":"status-publish","4":"has-post-thumbnail","6":"product_cat-complement-alimentaire","7":"description-off","9":"first","10":"instock","11":"shipping-taxable","12":"purchasable","13":"product-type-simple"},"jetpack_sharing_enabled":true,"_links":{"self":[{"href":"https:\/\/biocosdz.com\/index.php?rest_route=\/wp\/v2\/product\/8413","targetHints":{"allow":["GET"]}}],"collection":[{"href":"https:\/\/biocosdz.com\/index.php?rest_route=\/wp\/v2\/product"}],"about":[{"href":"https:\/\/biocosdz.com\/index.php?rest_route=\/wp\/v2\/types\/product"}],"replies":[{"embeddable":true,"href":"https:\/\/biocosdz.com\/index.php?rest_route=%2Fwp%2Fv2%2Fcomments&post=8413"}],"version-history":[{"count":5,"href":"https:\/\/biocosdz.com\/index.php?rest_route=\/wp\/v2\/product\/8413\/revisions"}],"predecessor-version":[{"id":9302,"href":"https:\/\/biocosdz.com\/index.php?rest_route=\/wp\/v2\/product\/8413\/revisions\/9302"}],"wp:featuredmedia":[{"embeddable":true,"href":"https:\/\/biocosdz.com\/index.php?rest_route=\/wp\/v2\/media\/8401"}],"wp:attachment":[{"href":"https:\/\/biocosdz.com\/index.php?rest_route=%2Fwp%2Fv2%2Fmedia&parent=8413"}],"wp:term":[{"taxonomy":"product_cat","embeddable":true,"href":"https:\/\/biocosdz.com\/index.php?rest_route=%2Fwp%2Fv2%2Fproduct_cat&post=8413"},{"taxonomy":"product_tag","embeddable":true,"href":"https:\/\/biocosdz.com\/index.php?rest_route=%2Fwp%2Fv2%2Fproduct_tag&post=8413"}],"curies":[{"name":"wp","href":"https:\/\/api.w.org\/{rel}","templated":true}]}}