{"id":8260,"date":"2024-08-21T11:11:34","date_gmt":"2024-08-21T11:11:34","guid":{"rendered":"https:\/\/biocosdz.com\/?post_type=product&#038;p=8260"},"modified":"2025-06-21T09:44:59","modified_gmt":"2025-06-21T09:44:59","slug":"immunity-boost","status":"publish","type":"product","link":"https:\/\/biocosdz.com\/?product=immunity-boost","title":{"rendered":"Immunity Boost"},"content":{"rendered":"\t\t<div data-elementor-type=\"product-post\" data-elementor-id=\"8260\" class=\"elementor elementor-8260\" data-elementor-post-type=\"product\">\n\t\t\t\t<div class=\"elementor-element elementor-element-6a8df625 e-flex e-con-boxed e-con e-parent\" data-id=\"6a8df625\" data-element_type=\"container\">\n\t\t\t\t\t<div class=\"e-con-inner\">\n\t\t\t\t\t<\/div>\n\t\t\t\t<\/div>\n\t\t\t\t<\/div>\n\t\t","protected":false},"excerpt":{"rendered":"<div class=\"product__ref\">008<\/div>\n<div class=\"product__description\">\n<p>IMMUNITY BOOST Ce produit aide \u00e0 r\u00e9duire les rechutes de sant\u00e9 et aide le syst\u00e8me respiratoire \u00e0 accomplir ses t\u00e2ches gr\u00e2ce \u00e0 des ingr\u00e9dients soigneusement s\u00e9lectionn\u00e9s pour ce produit.<\/p>\n<p>Contribue \u00e0 maintenir les d\u00e9fenses naturelles avec une respiration ais\u00e9e.<br \/>\n&#8211; La menthe poivr\u00e9e et le thym sont apaisants pour la gorge ,les cordes vocales et le pharynx.<br \/>\n&#8211; La cannelle contribue \u00e0 la sant\u00e9 des voies respiratoires sup\u00e9rieures.<br \/>\n&#8211; Les bourgeons de pin procurent une influence apaisante et permettent une respiration plus ais\u00e9e.<br \/>\n&#8211; La cannelle permet de \u00ab\u00a0r\u00e9chauffer\u00a0\u00bb l&rsquo;organisme en cas de rhume ou d&rsquo;\u00e9tat grippal.<br \/>\n&#8211; La fleur de lavande aide \u00e0 lutter contre les troubles de la respiration, comme le rhume, la toux et les sinusites. Elle fait baisser la fi\u00e8vre et soulage les irritations de la gorge et l\u2019asthme.<br \/>\n&#8211; L&rsquo;aub\u00e8pine calmante et anti-stress elle r\u00e9duit la nervosit\u00e9 dans ces moments de fatigue.<\/p>\n<p>Laisser infuser une dose (petite cuill\u00e8re de 3g) dans une tasse d&rsquo;eau chaude pendant 5 minutes. consommer 2 \u00e0 3 tasses par jour, de pr\u00e9f\u00e9rence entre les repas et non sucr\u00e9es.<\/p>\n<\/div>\n","protected":false},"featured_media":9298,"comment_status":"open","ping_status":"closed","template":"","meta":[],"product_cat":[46],"product_tag":[48],"class_list":{"0":"post-8260","1":"product","2":"type-product","3":"status-publish","4":"has-post-thumbnail","6":"product_cat-complement-alimentaire","7":"product_tag-immunity-boost","9":"first","10":"instock","11":"shipping-taxable","12":"purchasable","13":"product-type-simple"},"jetpack_sharing_enabled":true,"_links":{"self":[{"href":"https:\/\/biocosdz.com\/index.php?rest_route=\/wp\/v2\/product\/8260","targetHints":{"allow":["GET"]}}],"collection":[{"href":"https:\/\/biocosdz.com\/index.php?rest_route=\/wp\/v2\/product"}],"about":[{"href":"https:\/\/biocosdz.com\/index.php?rest_route=\/wp\/v2\/types\/product"}],"replies":[{"embeddable":true,"href":"https:\/\/biocosdz.com\/index.php?rest_route=%2Fwp%2Fv2%2Fcomments&post=8260"}],"version-history":[{"count":15,"href":"https:\/\/biocosdz.com\/index.php?rest_route=\/wp\/v2\/product\/8260\/revisions"}],"predecessor-version":[{"id":8865,"href":"https:\/\/biocosdz.com\/index.php?rest_route=\/wp\/v2\/product\/8260\/revisions\/8865"}],"wp:featuredmedia":[{"embeddable":true,"href":"https:\/\/biocosdz.com\/index.php?rest_route=\/wp\/v2\/media\/9298"}],"wp:attachment":[{"href":"https:\/\/biocosdz.com\/index.php?rest_route=%2Fwp%2Fv2%2Fmedia&parent=8260"}],"wp:term":[{"taxonomy":"product_cat","embeddable":true,"href":"https:\/\/biocosdz.com\/index.php?rest_route=%2Fwp%2Fv2%2Fproduct_cat&post=8260"},{"taxonomy":"product_tag","embeddable":true,"href":"https:\/\/biocosdz.com\/index.php?rest_route=%2Fwp%2Fv2%2Fproduct_tag&post=8260"}],"curies":[{"name":"wp","href":"https:\/\/api.w.org\/{rel}","templated":true}]}}