{"id":2693,"date":"2021-05-07T12:10:05","date_gmt":"2021-05-07T12:10:05","guid":{"rendered":"https:\/\/the7.io\/cbd\/cart\/"},"modified":"2025-08-03T17:09:21","modified_gmt":"2025-08-03T17:09:21","slug":"cart","status":"publish","type":"page","link":"https:\/\/biocosdz.com\/?page_id=2693","title":{"rendered":"Panier"},"content":{"rendered":"\t\t<div data-elementor-type=\"wp-page\" data-elementor-id=\"2693\" class=\"elementor elementor-2693\" data-elementor-post-type=\"page\">\n\t\t\t\t\t\t<section class=\"elementor-section elementor-top-section elementor-element elementor-element-58f750ff elementor-section-boxed elementor-section-height-default elementor-section-height-default\" data-id=\"58f750ff\" data-element_type=\"section\">\n\t\t\t\t\t\t<div class=\"elementor-container elementor-column-gap-wider\">\n\t\t\t\t\t<div class=\"elementor-column elementor-col-100 elementor-top-column elementor-element elementor-element-469f0d66\" data-id=\"469f0d66\" data-element_type=\"column\">\n\t\t\t<div class=\"elementor-widget-wrap elementor-element-populated\">\n\t\t\t\t\t\t<div class=\"elementor-element elementor-element-4cb04b9 elementor-widget elementor-widget-wc-elements\" data-id=\"4cb04b9\" data-element_type=\"widget\" data-widget_type=\"wc-elements.default\">\n\t\t\t\t<div class=\"elementor-widget-container\">\n\t\t\t\t\t<div class=\"woocommerce\"><div class=\"woocommerce-notices-wrapper\"><div class=\"woocommerce-message\" role=\"alert\">\n\t<div class=\"woocommerce-message-text\">&laquo;Ultimate Calm Jour&raquo; a \u00e9t\u00e9 ajout\u00e9 \u00e0 votre panier. <a href=\"https:\/\/biocosdz.com\/?page_id=2693\" class=\"button wc-forward\">Voir le panier<\/a><\/div>\n    <span class=\"close-message\"><\/span>\n\t<div class=\"woocommerce-message-text\">&laquo;Pack Premium Argan&raquo; a \u00e9t\u00e9 ajout\u00e9 \u00e0 votre panier. <a href=\"https:\/\/biocosdz.com\/?page_id=2693\" class=\"button wc-forward\">Voir le panier<\/a><\/div>\n    <span class=\"close-message\"><\/span>\n<\/div>\n<\/div>\n<div class=\"woocommerce-cart-wrap\">\n<form class=\"woocommerce-cart-form the7-cart-form\" action=\"https:\/\/biocosdz.com\/?page_id=2693\" method=\"post\">\n\t\n\t<table class=\"shop_table shop_table_responsive cart woocommerce-cart-form__contents\" cellspacing=\"0\">\n\t\t<thead>\n\t\t<tr>\n\t\t\t\t<th class=\"product-remove\"><span class=\"screen-reader-text\">Supprimer l\u2019\u00e9l\u00e9ment<\/span><\/th>\n\t\t\t\t<th class=\"product-name\">Produit<\/th>\n\t\t\t\t<th class=\"product-thumbnail\"><span class=\"screen-reader-text\">Miniature<\/span><\/th>\n\t\t\t\t<th class=\"product-price\">Prix<\/th>\n\t\t\t\t<th class=\"product-quantity\">Quantit\u00e9<\/th>\n\t\t\t\t<th class=\"product-subtotal\">Sous-total<\/th>\n\t\t<\/tr>\n\t\t<\/thead>\n\t\t<tbody>\n\t\t\n\t\t\t\t\t\t<tr class=\"woocommerce-cart-form__cart-item cart_item\">\n\n\t\t\t\t\t<td class=\"product-remove\">\n\t\t\t\t\t\t<a href=\"https:\/\/biocosdz.com\/?page_id=2693&#038;remove_item=c75e10ef9ef6d295d4ceba8335d93bdd&#038;_wpnonce=ba7bdc7f71\" class=\"remove\" aria-label=\"Retirer Ultimate Calm Jour du panier\" data-product_id=\"8581\" data-product_sku=\"\"><\/a>\t\t\t\t\t<\/td>\n\n\t\t\t\t\t<td class=\"product-thumbnail\">\n\t\t\t\t\t\t<a href=\"https:\/\/biocosdz.com\/?product=ultimate-calm-jour\"><img fetchpriority=\"high\" decoding=\"async\" width=\"2000\" height=\"2000\" src=\"https:\/\/biocosdz.com\/wp-content\/uploads\/2024\/10\/calm.-jour.png\" class=\"attachment-woocommerce_thumbnail size-woocommerce_thumbnail\" alt=\"\" \/><\/a>\t\t\t\t\t<\/td>\n\n\t\t\t\t\t<td class=\"product-name\" data-title=\"Produit\">\n\t\t\t\t\t\t<a href=\"https:\/\/biocosdz.com\/?product=ultimate-calm-jour\">Ultimate Calm Jour<\/a>\t\t\t\t\t<\/td>\n\n\t\t\t\t\t<td class=\"product-price\" data-title=\"Prix\">\n\t\t\t\t\t\t<span class=\"woocommerce-Price-amount amount\"><bdi>1.190&nbsp;<span class=\"woocommerce-Price-currencySymbol\">Da<\/span><\/bdi><\/span>\t\t\t\t\t<\/td>\n\n\t\t\t\t\t<td class=\"product-quantity\" data-title=\"Quantit\u00e9\">\n\t\t\t\t\t\t<div class=\"quantity buttons_added\">\n\t\t<label class=\"screen-reader-text\" for=\"quantity_69e603492993d\">quantit\u00e9 de Ultimate Calm Jour<\/label>\n\n\t<button type=\"button\" class=\"minus is-form\">\ufe63<\/button>\n\t<input\n\t\ttype=\"number\"\n\t\t\t\tid=\"quantity_69e603492993d\"\n\t\tclass=\"input-text qty text\"\n\t\tname=\"cart[c75e10ef9ef6d295d4ceba8335d93bdd][qty]\"\n\t\tvalue=\"1\"\n\t\taria-label=\"Quantit\u00e9 de produits\"\n\t\tsize=\"4\"\n\t\tmin=\"0\"\n\t\tmax=\"\"\n\t\t\t\t\tstep=\"1\"\n\t\tplaceholder=\"\"\n\t\tinputmode=\"numeric\"\n\t\t\tautocomplete=\"off\"\n\t\t\t\/>\n\n\t<button type=\"button\" class=\"plus is-form\">\ufe62<\/button>\n\t<\/div>\n\t\t\t\t\t<\/td>\n\n\t\t\t\t\t<td class=\"product-subtotal\" data-title=\"Sous-total\">\n\t\t\t\t\t\t<span class=\"woocommerce-Price-amount amount\"><bdi>1.190&nbsp;<span class=\"woocommerce-Price-currencySymbol\">Da<\/span><\/bdi><\/span>\t\t\t\t\t<\/td>\n\t\t\t\t<\/tr>\n\t\t\t\t\t\t\t\t<tr class=\"woocommerce-cart-form__cart-item cart_item\">\n\n\t\t\t\t\t<td class=\"product-remove\">\n\t\t\t\t\t\t<a href=\"https:\/\/biocosdz.com\/?page_id=2693&#038;remove_item=db64f68dee27eb08d29117c7da678f81&#038;_wpnonce=ba7bdc7f71\" class=\"remove\" aria-label=\"Retirer Pack Premium Argan du panier\" data-product_id=\"8679\" data-product_sku=\"\"><\/a>\t\t\t\t\t<\/td>\n\n\t\t\t\t\t<td class=\"product-thumbnail\">\n\t\t\t\t\t\t<a href=\"https:\/\/biocosdz.com\/?product=pack-premium-argan\"><img decoding=\"async\" width=\"1080\" height=\"1080\" src=\"https:\/\/biocosdz.com\/wp-content\/uploads\/2024\/10\/SkemiIIDgUW0q0k9j2f3f5HuOmfFfahUzm8aIAoL.png\" class=\"attachment-woocommerce_thumbnail size-woocommerce_thumbnail\" alt=\"\" \/><\/a>\t\t\t\t\t<\/td>\n\n\t\t\t\t\t<td class=\"product-name\" data-title=\"Produit\">\n\t\t\t\t\t\t<a href=\"https:\/\/biocosdz.com\/?product=pack-premium-argan\">Pack Premium Argan<\/a>\t\t\t\t\t<\/td>\n\n\t\t\t\t\t<td class=\"product-price\" data-title=\"Prix\">\n\t\t\t\t\t\t<span class=\"woocommerce-Price-amount amount\"><bdi>4.390&nbsp;<span class=\"woocommerce-Price-currencySymbol\">Da<\/span><\/bdi><\/span>\t\t\t\t\t<\/td>\n\n\t\t\t\t\t<td class=\"product-quantity\" data-title=\"Quantit\u00e9\">\n\t\t\t\t\t\t<div class=\"quantity buttons_added\">\n\t\t<label class=\"screen-reader-text\" for=\"quantity_69e603492a034\">quantit\u00e9 de Pack Premium Argan<\/label>\n\n\t<button type=\"button\" class=\"minus is-form\">\ufe63<\/button>\n\t<input\n\t\ttype=\"number\"\n\t\t\t\tid=\"quantity_69e603492a034\"\n\t\tclass=\"input-text qty text\"\n\t\tname=\"cart[db64f68dee27eb08d29117c7da678f81][qty]\"\n\t\tvalue=\"1\"\n\t\taria-label=\"Quantit\u00e9 de produits\"\n\t\tsize=\"4\"\n\t\tmin=\"0\"\n\t\tmax=\"\"\n\t\t\t\t\tstep=\"1\"\n\t\tplaceholder=\"\"\n\t\tinputmode=\"numeric\"\n\t\t\tautocomplete=\"off\"\n\t\t\t\/>\n\n\t<button type=\"button\" class=\"plus is-form\">\ufe62<\/button>\n\t<\/div>\n\t\t\t\t\t<\/td>\n\n\t\t\t\t\t<td class=\"product-subtotal\" data-title=\"Sous-total\">\n\t\t\t\t\t\t<span class=\"woocommerce-Price-amount amount\"><bdi>4.390&nbsp;<span class=\"woocommerce-Price-currencySymbol\">Da<\/span><\/bdi><\/span>\t\t\t\t\t<\/td>\n\t\t\t\t<\/tr>\n\t\t\t\t\n\t\t\n\t\t<tr>\n\t\t\t<td colspan=\"6\" class=\"actions\">\n\t\t\t\t\t<div class=\"cart-footer\">\n\n\t\t\t\t\t\t\t\t\t<div class=\"coupon\">\n                            <span class=\"wc-coupon-field\">\n\t\t\t\t\t\t\t\t<label for=\"coupon_code\" class=\"screen-reader-text\">Code promo\u00a0:<\/label> <input type=\"text\" name=\"coupon_code\" class=\"wc-coupon-input input-text\" id=\"coupon_code\" value=\"\" placeholder=\"Code promo\" \/>\n                            <\/span>\n                            <button type=\"submit\" class=\"dt-wc-btn wc-cart-button\" name=\"apply_coupon\" value=\"Appliquer le code promo\">Appliquer le code promo<\/button>\n\t\t\t\t\t\t\t\t\t\t\t<\/div>\n\t\t\t\t\n\t\t\t\t\t\t<span class=\"update-cart-button\"><input type=\"submit\" name=\"update_cart\" value=\"Actualiser le panier\"\/><\/span>\n\n\t\t\t\t\n\t\t\t\t<input type=\"hidden\" id=\"woocommerce-cart-nonce\" name=\"woocommerce-cart-nonce\" value=\"ba7bdc7f71\" \/><input type=\"hidden\" name=\"_wp_http_referer\" value=\"\/index.php?rest_route=%2Fwp%2Fv2%2Fpages%2F2693\" \/>\n                    <\/div>\n\t\t\t<\/td>\n\t\t<\/tr>\n\n\t\t\t\t<\/tbody>\n\t<\/table>\n\t<\/form>\n\n\n<div class=\"cart-collaterals\">\n\t<div class=\"cart_totals \">\n\n\t\n\t<h2>Total panier<\/h2>\n\n\t<table cellspacing=\"0\" class=\"shop_table shop_table_responsive\">\n\n\t\t<tr class=\"cart-subtotal\">\n\t\t\t<th>Sous-total<\/th>\n\t\t\t<td data-title=\"Sous-total\"><span class=\"woocommerce-Price-amount amount\"><bdi>5.580&nbsp;<span class=\"woocommerce-Price-currencySymbol\">Da<\/span><\/bdi><\/span><\/td>\n\t\t<\/tr>\n\n\t\t\n\t\t\n\t\t\t\n\t\t\t<tr class=\"woocommerce-shipping-totals shipping\">\n\t<th>Exp\u00e9dition<\/th>\n\t<td data-title=\"Exp\u00e9dition\">\n\t\t\t\t\t<ul id=\"shipping_method\" class=\"woocommerce-shipping-methods\">\n\t\t\t\t\t\t\t\t\t<li>\n\t\t\t\t\t\t<input type=\"hidden\" name=\"shipping_method[0]\" data-index=\"0\" id=\"shipping_method_0_flat_rate16\" value=\"flat_rate:16\" class=\"shipping_method\" \/><label for=\"shipping_method_0_flat_rate16\">Forfait: <span class=\"woocommerce-Price-amount amount\"><bdi>400&nbsp;<span class=\"woocommerce-Price-currencySymbol\">Da<\/span><\/bdi><\/span><\/label>\t\t\t\t\t<\/li>\n\t\t\t\t\t\t\t<\/ul>\n\t\t\t\t\t\t\t<p class=\"woocommerce-shipping-destination\">\n\t\t\t\t\tLivraison \u00e0 <strong>Alger<\/strong>. \t\t\t\t<\/p>\n\t\t\t\t\t\t\n\t\t\n\t\t\t\t\t\n<form class=\"woocommerce-shipping-calculator\" action=\"https:\/\/biocosdz.com\/?page_id=2693\" method=\"post\">\n\n\t<a href=\"#\" class=\"shipping-calculator-button\">Modifier l\u2019adresse<\/a>\n\t<section class=\"shipping-calculator-form\" style=\"display:none;\">\n\n\t\t\t\t\t<p class=\"form-row form-row-wide\" id=\"calc_shipping_country_field\">\n\t\t\t\t<label for=\"calc_shipping_country\" class=\"screen-reader-text\">Pays\/r\u00e9gion\u00a0:<\/label>\n\t\t\t\t<select name=\"calc_shipping_country\" id=\"calc_shipping_country\" class=\"country_to_state country_select\" rel=\"calc_shipping_state\">\n\t\t\t\t\t<option value=\"default\">S\u00e9lectionner un pays\/r\u00e9gion\u2026<\/option>\n\t\t\t\t\t<option value=\"AF\">Afghanistan<\/option><option value=\"ZA\">Afrique du Sud<\/option><option value=\"AX\">\u00c5land Islands<\/option><option value=\"AL\">Albanie<\/option><option value=\"DZ\" selected='selected'>Alg\u00e9rie<\/option><option value=\"DE\">Allemagne<\/option><option value=\"AS\">American Samoa<\/option><option value=\"AD\">Andorre<\/option><option value=\"AO\">Angola<\/option><option value=\"AI\">Anguilla<\/option><option value=\"AQ\">Antarctique<\/option><option value=\"AG\">Antigua-et-Barbuda<\/option><option value=\"SA\">Arabie Saoudite<\/option><option value=\"AR\">Argentine<\/option><option value=\"AM\">Arm\u00e9nie<\/option><option value=\"AW\">Aruba<\/option><option value=\"AU\">Australie<\/option><option value=\"AT\">Autriche<\/option><option value=\"AZ\">Azerbaijan<\/option><option value=\"BS\">Bahamas<\/option><option value=\"BH\">Bahrain<\/option><option value=\"BD\">Bangladesh<\/option><option value=\"BB\">Barbades<\/option><option value=\"PW\">Belau<\/option><option value=\"BE\">Belgique<\/option><option value=\"BZ\">Belize<\/option><option value=\"BJ\">Benin<\/option><option value=\"BM\">Bermudes<\/option><option value=\"BT\">Bhutan<\/option><option value=\"BY\">Bi\u00e9lorussie<\/option><option value=\"BO\">Bolivie<\/option><option value=\"BA\">Bosnie-Herz\u00e9govine<\/option><option value=\"BW\">Botswana<\/option><option value=\"BR\">Br\u00e9sil<\/option><option value=\"BN\">Brunei<\/option><option value=\"BG\">Bulgarie<\/option><option value=\"BF\">Burkina Faso<\/option><option value=\"BI\">Burundi<\/option><option value=\"KH\">Cambodge<\/option><option value=\"CM\">Cameroun<\/option><option value=\"CA\">Canada<\/option><option value=\"CV\">Cap Vert<\/option><option value=\"CL\">Chili<\/option><option value=\"CN\">Chine<\/option><option value=\"CX\">Christmas Island<\/option><option value=\"CY\">Chypre<\/option><option value=\"CO\">Colombie<\/option><option value=\"KM\">Comores<\/option><option value=\"CG\">Congo (Brazzaville)<\/option><option value=\"CD\">Congo (Kinshasa)<\/option><option value=\"KP\">Cor\u00e9e du Nord<\/option><option value=\"KR\">Cor\u00e9e du Sud<\/option><option value=\"CR\">Costa Rica<\/option><option value=\"CI\">C\u00f4te-d\u2019Ivoire<\/option><option value=\"HR\">Croatie<\/option><option value=\"CU\">Cuba<\/option><option value=\"CW\">Cura\u00e7ao<\/option><option value=\"DK\">Danemark<\/option><option value=\"DJ\">Djibouti<\/option><option value=\"DM\">Dominique<\/option><option value=\"EG\">\u00c9gypte<\/option><option value=\"AE\">\u00c9mirats Arabes Unis<\/option><option value=\"EC\">\u00c9quateur<\/option><option value=\"ER\">Erythr\u00e9e<\/option><option value=\"ES\">Espagne<\/option><option value=\"EE\">Estonie<\/option><option value=\"SZ\">Eswatini<\/option><option value=\"US\">Etats-Unis (USA)<\/option><option value=\"ET\">\u00c9thiopie<\/option><option value=\"FJ\">Fidji<\/option><option value=\"FI\">Finlande<\/option><option value=\"FR\">France<\/option><option value=\"GA\">Gabon<\/option><option value=\"GM\">Gambie<\/option><option value=\"GE\">G\u00e9orgie<\/option><option value=\"GS\">G\u00e9orgie du Sud \/ \u00eeles Sandwich<\/option><option value=\"GH\">Ghana<\/option><option value=\"GI\">Gibraltar<\/option><option value=\"GR\">Gr\u00e8ce<\/option><option value=\"GD\">Grenade<\/option><option value=\"GL\">Groenland<\/option><option value=\"GP\">Guadeloupe<\/option><option value=\"GU\">Guam<\/option><option value=\"GT\">Guatemala<\/option><option value=\"GG\">Guernesey<\/option><option value=\"GN\">Guin\u00e9e<\/option><option value=\"GQ\">Guin\u00e9e \u00e9quatoriale<\/option><option value=\"GW\">Guin\u00e9e-Bissau<\/option><option value=\"GY\">Guyane<\/option><option value=\"GF\">Guyane Fran\u00e7aise<\/option><option value=\"HT\">Ha\u00efti<\/option><option value=\"HN\">Honduras<\/option><option value=\"HK\">Hong Kong<\/option><option value=\"HU\">Hongrie<\/option><option value=\"BV\">\u00cele Bouvet<\/option><option value=\"IM\">\u00cele de Man<\/option><option value=\"NF\">\u00cele Norfolk<\/option><option value=\"KY\">\u00celes Ca\u00efmans<\/option><option value=\"CC\">\u00celes Cocos<\/option><option value=\"CK\">\u00celes Cook<\/option><option value=\"FK\">\u00celes Falkland<\/option><option value=\"FO\">\u00celes F\u00e9ro\u00e9<\/option><option value=\"HM\">\u00celes Heard-et-MacDonald<\/option><option value=\"MH\">\u00celes Marshall<\/option><option value=\"UM\">\u00celes Mineures \u00e9loign\u00e9es des \u00c9tats-Unis<\/option><option value=\"SB\">\u00celes Salomon<\/option><option value=\"TC\">\u00celes Turques et Ca\u00efques<\/option><option value=\"IN\">Inde<\/option><option value=\"ID\">Indon\u00e9sie<\/option><option value=\"IR\">Iran<\/option><option value=\"IQ\">Iraq<\/option><option value=\"IE\">Irlande<\/option><option value=\"IS\">Islande<\/option><option value=\"IL\">Isra\u00ebl<\/option><option value=\"IT\">Italie<\/option><option value=\"JM\">Jama\u00efque<\/option><option value=\"JP\">Japon<\/option><option value=\"JE\">Jersey<\/option><option value=\"JO\">Jordanie<\/option><option value=\"KZ\">Kazakhstan<\/option><option value=\"KE\">Kenya<\/option><option value=\"KI\">Kiribati<\/option><option value=\"KW\">Kowe\u00eft<\/option><option value=\"KG\">Kyrgyzstan<\/option><option value=\"RE\">La R\u00e9union<\/option><option value=\"LA\">Laos<\/option><option value=\"LS\">Lesotho<\/option><option value=\"LV\">Lettonie<\/option><option value=\"LB\">Liban<\/option><option value=\"LR\">Liberia<\/option><option value=\"LY\">Libye<\/option><option value=\"LI\">Liechtenstein<\/option><option value=\"LT\">Lituanie<\/option><option value=\"LU\">Luxembourg<\/option><option value=\"MO\">Macao<\/option><option value=\"MK\">Mac\u00e9doine du Nord<\/option><option value=\"MG\">Madagascar<\/option><option value=\"MY\">Malaisie<\/option><option value=\"MW\">Malawi<\/option><option value=\"MV\">Maldives<\/option><option value=\"ML\">Mali<\/option><option value=\"MT\">Malte<\/option><option value=\"MA\">Maroc<\/option><option value=\"MQ\">Martinique<\/option><option value=\"MU\">Maurice<\/option><option value=\"MR\">Mauritanie<\/option><option value=\"YT\">Mayotte<\/option><option value=\"MX\">Mexique<\/option><option value=\"FM\">Micron\u00e9sie<\/option><option value=\"MD\">Moldavie<\/option><option value=\"MC\">Monaco<\/option><option value=\"MN\">Mongolie<\/option><option value=\"ME\">Montenegro<\/option><option value=\"MS\">Montserrat<\/option><option value=\"MZ\">Mozambique<\/option><option value=\"MM\">Myanmar<\/option><option value=\"NA\">Namibie<\/option><option value=\"NR\">Nauru<\/option><option value=\"NP\">N\u00e9pal<\/option><option value=\"NI\">Nicaragua<\/option><option value=\"NE\">Niger<\/option><option value=\"NG\">Nigeria<\/option><option value=\"NU\">Niue<\/option><option value=\"MP\">Northern Mariana Islands<\/option><option value=\"NO\">Norv\u00e8ge<\/option><option value=\"NC\">Nouvelle-Cal\u00e9donie<\/option><option value=\"NZ\">Nouvelle-Z\u00e9lande<\/option><option value=\"OM\">Oman<\/option><option value=\"PK\">Pakistan<\/option><option value=\"PA\">Panama<\/option><option value=\"PG\">Papouasie-Nouvelle-Guin\u00e9e<\/option><option value=\"PY\">Paraguay<\/option><option value=\"NL\">Pays-Bas<\/option><option value=\"PE\">P\u00e9rou<\/option><option value=\"PH\">Philippines<\/option><option value=\"PN\">Pitcairn<\/option><option value=\"PL\">Pologne<\/option><option value=\"PF\">Polyn\u00e9sie Fran\u00e7aise<\/option><option value=\"PT\">Portugal<\/option><option value=\"PR\">Puerto Rico<\/option><option value=\"QA\">Qatar<\/option><option value=\"CF\">R\u00e9publique Centrafricaine<\/option><option value=\"DO\">R\u00e9publique Dominicaine<\/option><option value=\"CZ\">R\u00e9publique Tch\u00e8que<\/option><option value=\"RO\">Roumanie<\/option><option value=\"GB\">Royaume-Uni (UK)<\/option><option value=\"RU\">Russie<\/option><option value=\"RW\">Rwanda<\/option><option value=\"BQ\">Saba, Saint-Eustache et Bonaire<\/option><option value=\"EH\">Sahara occidental<\/option><option value=\"BL\">Saint Barth\u00e9lemy<\/option><option value=\"PM\">Saint Pierre et Miquelon<\/option><option value=\"KN\">Saint-Kitts-et-Nevis<\/option><option value=\"MF\">Saint-Martin (partie fran\u00e7aise)<\/option><option value=\"SX\">Saint-Martin (partie n\u00e9erlandaise)<\/option><option value=\"VC\">Saint-Vincent-et-les-Grenadines<\/option><option value=\"SH\">Sainte-H\u00e9l\u00e8ne<\/option><option value=\"LC\">Sainte-Lucie<\/option><option value=\"SV\">Salvador<\/option><option value=\"WS\">Samoa<\/option><option value=\"SM\">San Marino<\/option><option value=\"ST\">Sao Tom\u00e9-et-Principe<\/option><option value=\"SN\">S\u00e9n\u00e9gal<\/option><option value=\"RS\">Serbie<\/option><option value=\"SC\">Seychelles<\/option><option value=\"SL\">Sierra Leone<\/option><option value=\"SG\">Singapour<\/option><option value=\"SK\">Slovaquie<\/option><option value=\"SI\">Slov\u00e9nie<\/option><option value=\"SO\">Somalie<\/option><option value=\"SD\">Soudan<\/option><option value=\"SS\">Soudan du Sud<\/option><option value=\"LK\">Sri Lanka<\/option><option value=\"SE\">Su\u00e8de<\/option><option value=\"CH\">Suisse<\/option><option value=\"SR\">Suriname<\/option><option value=\"SJ\">Svalbard et Jan Mayen<\/option><option value=\"SY\">Syrie<\/option><option value=\"TW\">Taiwan<\/option><option value=\"TJ\">Tajikistan<\/option><option value=\"TZ\">Tanzanie<\/option><option value=\"TD\">Tchad<\/option><option value=\"TF\">Terres Australes Fran\u00e7aises<\/option><option value=\"IO\">Territoire britannique de l\u2019oc\u00e9an Indien<\/option><option value=\"PS\">Territoire Palestinien<\/option><option value=\"TH\">Thailande<\/option><option value=\"TL\">Timor-Leste<\/option><option value=\"TG\">Togo<\/option><option value=\"TK\">Tokelau<\/option><option value=\"TO\">Tonga<\/option><option value=\"TT\">Trinit\u00e9-et-Tobago<\/option><option value=\"TN\">Tunisie<\/option><option value=\"TM\">Turkm\u00e9nistan<\/option><option value=\"TR\">Turquie<\/option><option value=\"TV\">Tuvalu<\/option><option value=\"UG\">Uganda<\/option><option value=\"UA\">Ukraine<\/option><option value=\"UY\">Uruguay<\/option><option value=\"UZ\">Uzbekistan<\/option><option value=\"VU\">Vanuatu<\/option><option value=\"VA\">Vatican<\/option><option value=\"VE\">Venezuela<\/option><option value=\"VN\">Vietnam<\/option><option value=\"VG\">Virgin Islands (British)<\/option><option value=\"VI\">Virgin Islands (US)<\/option><option value=\"WF\">Wallis et Futuna<\/option><option value=\"YE\">Yemen<\/option><option value=\"ZM\">Zambie<\/option><option value=\"ZW\">Zimbabwe<\/option>\t\t\t\t<\/select>\n\t\t\t<\/p>\n\t\t\n\t\t\t\t\t<p class=\"form-row form-row-wide\" id=\"calc_shipping_state_field\">\n\t\t\t\t\t\t\t\t\t<span>\n\t\t\t\t\t\t<label for=\"calc_shipping_state\" class=\"screen-reader-text\">\u00c9tat \/ Comt\u00e9<\/label>\n\t\t\t\t\t\t<select name=\"calc_shipping_state\" class=\"state_select\" id=\"calc_shipping_state\" data-placeholder=\"R\u00e9gion\u00a0\/\u00a0D\u00e9partement\">\n\t\t\t\t\t\t\t<option value=\"\">S\u00e9lectionner une option\u2026<\/option>\n\t\t\t\t\t\t\t<option value=\"DZ-01\" >Adrar<\/option><option value=\"DZ-02\" >Chlef<\/option><option value=\"DZ-03\" >Laghouat<\/option><option value=\"DZ-04\" >Oum El Bouaghi<\/option><option value=\"DZ-05\" >Batna<\/option><option value=\"DZ-06\" >B\u00e9ja\u00efa<\/option><option value=\"DZ-07\" >Biskra<\/option><option value=\"DZ-08\" >B\u00e9char<\/option><option value=\"DZ-09\" >Blida<\/option><option value=\"DZ-10\" >Bouira<\/option><option value=\"DZ-11\" >Tamanrasset<\/option><option value=\"DZ-12\" >T\u00e9bessa<\/option><option value=\"DZ-13\" >Tlemcen<\/option><option value=\"DZ-14\" >Tiaret<\/option><option value=\"DZ-15\" >Tizi Ouzou<\/option><option value=\"DZ-16\"  selected='selected'>Alger<\/option><option value=\"DZ-17\" >Djelfa<\/option><option value=\"DZ-18\" >Jijel<\/option><option value=\"DZ-19\" >S\u00e9tif<\/option><option value=\"DZ-20\" >Sa\u00efda<\/option><option value=\"DZ-21\" >Skikda<\/option><option value=\"DZ-22\" >Sidi Bel Abb\u00e8s<\/option><option value=\"DZ-23\" >Annaba<\/option><option value=\"DZ-24\" >Guelma<\/option><option value=\"DZ-25\" >Constantine<\/option><option value=\"DZ-26\" >M\u00e9d\u00e9a<\/option><option value=\"DZ-27\" >Mostaganem<\/option><option value=\"DZ-28\" >M&#039;Sila<\/option><option value=\"DZ-29\" >Mascara<\/option><option value=\"DZ-30\" >Ouargla<\/option><option value=\"DZ-31\" >Oran<\/option><option value=\"DZ-32\" >El Bayadh<\/option><option value=\"DZ-33\" >Illizi<\/option><option value=\"DZ-34\" >Bordj Bou Arreridj<\/option><option value=\"DZ-35\" >Boumerd\u00e8s<\/option><option value=\"DZ-36\" >El Tarf<\/option><option value=\"DZ-37\" >Tindouf<\/option><option value=\"DZ-38\" >Tissemsilt<\/option><option value=\"DZ-39\" >El Oued<\/option><option value=\"DZ-40\" >Khenchela<\/option><option value=\"DZ-41\" >Souk Ahras<\/option><option value=\"DZ-42\" >Tipaza<\/option><option value=\"DZ-43\" >Mila<\/option><option value=\"DZ-44\" >A\u00efn Defla<\/option><option value=\"DZ-45\" >Na\u00e2ma<\/option><option value=\"DZ-46\" >A\u00efn T\u00e9mouchent<\/option><option value=\"DZ-47\" >Gharda\u00efa<\/option><option value=\"DZ-48\" >Relizane<\/option>\t\t\t\t\t\t<\/select>\n\t\t\t\t\t<\/span>\n\t\t\t\t\t\t\t\t<\/p>\n\t\t\n\t\t\t\t\t<p class=\"form-row form-row-wide\" id=\"calc_shipping_city_field\">\n\t\t\t\t<label for=\"calc_shipping_city\" class=\"screen-reader-text\">Ville\u00a0:<\/label>\n\t\t\t\t<input type=\"text\" class=\"input-text\" value=\"\" placeholder=\"Ville\" name=\"calc_shipping_city\" id=\"calc_shipping_city\" \/>\n\t\t\t<\/p>\n\t\t\n\t\t\t\t\t<p class=\"form-row form-row-wide\" id=\"calc_shipping_postcode_field\">\n\t\t\t\t<label for=\"calc_shipping_postcode\" class=\"screen-reader-text\">Code postal<\/label>\n\t\t\t\t<input type=\"text\" class=\"input-text\" value=\"\" placeholder=\"Code postal\" name=\"calc_shipping_postcode\" id=\"calc_shipping_postcode\" \/>\n\t\t\t<\/p>\n\t\t\n\t\t<p><button type=\"submit\" name=\"calc_shipping\" value=\"1\" class=\"button\">Mettre \u00e0 jour<\/button><\/p>\n\t\t<input type=\"hidden\" id=\"woocommerce-shipping-calculator-nonce\" name=\"woocommerce-shipping-calculator-nonce\" value=\"eaed16be10\" \/><input type=\"hidden\" name=\"_wp_http_referer\" value=\"\/index.php?rest_route=%2Fwp%2Fv2%2Fpages%2F2693\" \/>\t<\/section>\n<\/form>\n\n\t\t\t<\/td>\n<\/tr>\n\n\t\t\t\n\t\t\n\t\t\n\t\t\n\t\t\n\t\t<tr class=\"order-total\">\n\t\t\t<th>Total<\/th>\n\t\t\t<td data-title=\"Total\"><strong><span class=\"woocommerce-Price-amount amount\"><bdi>5.980&nbsp;<span class=\"woocommerce-Price-currencySymbol\">Da<\/span><\/bdi><\/span><\/strong> <\/td>\n\t\t<\/tr>\n\n\t\t\n\t<\/table>\n\n\t<div class=\"wc-proceed-to-checkout\">\n\t\t\n<a href=\"https:\/\/biocosdz.com\/?page_id=2694\" class=\"checkout-button button alt wc-forward\">\n\tValider la commande<\/a>\n\t<\/div>\n\n\t\n<\/div>\n<\/div>\n\n\n<\/div><!-- woocommerce-cart-wrap -->\n\n<\/div>\t\t\t\t<\/div>\n\t\t\t\t<\/div>\n\t\t\t\t\t<\/div>\n\t\t<\/div>\n\t\t\t\t\t<\/div>\n\t\t<\/section>\n\t\t\t\t<\/div>\n\t\t","protected":false},"excerpt":{"rendered":"","protected":false},"author":1,"featured_media":0,"parent":2692,"menu_order":10,"comment_status":"closed","ping_status":"closed","template":"","meta":{"footnotes":""},"class_list":["post-2693","page","type-page","status-publish","hentry"],"jetpack_sharing_enabled":true,"_links":{"self":[{"href":"https:\/\/biocosdz.com\/index.php?rest_route=\/wp\/v2\/pages\/2693","targetHints":{"allow":["GET"]}}],"collection":[{"href":"https:\/\/biocosdz.com\/index.php?rest_route=\/wp\/v2\/pages"}],"about":[{"href":"https:\/\/biocosdz.com\/index.php?rest_route=\/wp\/v2\/types\/page"}],"author":[{"embeddable":true,"href":"https:\/\/biocosdz.com\/index.php?rest_route=\/wp\/v2\/users\/1"}],"replies":[{"embeddable":true,"href":"https:\/\/biocosdz.com\/index.php?rest_route=%2Fwp%2Fv2%2Fcomments&post=2693"}],"version-history":[{"count":2,"href":"https:\/\/biocosdz.com\/index.php?rest_route=\/wp\/v2\/pages\/2693\/revisions"}],"predecessor-version":[{"id":9373,"href":"https:\/\/biocosdz.com\/index.php?rest_route=\/wp\/v2\/pages\/2693\/revisions\/9373"}],"up":[{"embeddable":true,"href":"https:\/\/biocosdz.com\/index.php?rest_route=\/wp\/v2\/pages\/2692"}],"wp:attachment":[{"href":"https:\/\/biocosdz.com\/index.php?rest_route=%2Fwp%2Fv2%2Fmedia&parent=2693"}],"curies":[{"name":"wp","href":"https:\/\/api.w.org\/{rel}","templated":true}]}}